{"id":3,"date":"2020-04-11T15:30:59","date_gmt":"2020-04-11T15:30:59","guid":{"rendered":"http:\/\/emmanuel-erh.com\/dev\/?page_id=3"},"modified":"2025-09-12T23:17:02","modified_gmt":"2025-09-12T23:17:02","slug":"aviso-de-privacidad","status":"publish","type":"page","link":"https:\/\/emmanuel-erh.com\/dev\/aviso-de-privacidad\/","title":{"rendered":"Pol\u00edtica de Pivacidad"},"content":{"rendered":"\t\t<div data-elementor-type=\"wp-page\" data-elementor-id=\"3\" class=\"elementor elementor-3\">\n\t\t\t\t\t\t<section class=\"elementor-section elementor-top-section elementor-element elementor-element-139577b2 elementor-section-boxed elementor-section-height-default elementor-section-height-default\" data-id=\"139577b2\" data-element_type=\"section\">\n\t\t\t\t\t\t<div class=\"elementor-container elementor-column-gap-default\">\n\t\t\t\t\t<div class=\"elementor-column elementor-col-100 elementor-top-column elementor-element elementor-element-49a8de3b\" data-id=\"49a8de3b\" data-element_type=\"column\">\n\t\t\t<div class=\"elementor-widget-wrap elementor-element-populated\">\n\t\t\t\t\t\t<div class=\"elementor-element elementor-element-322a8e33 elementor-widget elementor-widget-text-editor\" data-id=\"322a8e33\" data-element_type=\"widget\" data-widget_type=\"text-editor.default\">\n\t\t\t\t<div class=\"elementor-widget-container\">\n\t\t\t\t\t\t\t\t\t\n<h2 class=\"wp-block-heading\">Aviso de Privacidad<\/h2>\n\nMekanexia, con domicilio en Guanajuato No. 304, Valle Ceyl\u00e1n, Tlalnepantla de Baz, Estado de M\u00e9xico, M\u00e9xico. En cumplimiento con lo dispuesto por la Ley Federal de Protecci\u00f3n de Datos Personales en Posesi\u00f3n de los Particulares (LFPDPPP), hace de su conocimiento el presente Aviso de Privacidad, a fin de garantizar la privacidad y el derecho a la autodeterminaci\u00f3n informativa de sus datos personales.\n\n<strong>1. Datos personales que recabamos\n<\/strong>\nMekanexia podr\u00e1 recabar y tratar datos personales de identificaci\u00f3n, contacto y profesionales, incluyendo:\n<ul>\n \t<li>Nombre completo<\/li>\n \t<li>Correo electr\u00f3nico<\/li>\n \t<li>N\u00famero telef\u00f3nico<\/li>\n \t<li>Direcci\u00f3n postal<\/li>\n \t<li>Raz\u00f3n social y datos fiscales (en caso de ser aplicable)<\/li>\n \t<li>Informaci\u00f3n relacionada con los servicios que solicita<\/li>\n<\/ul>\n<strong>2. Finalidades del tratamiento\n<\/strong>\nSus datos personales ser\u00e1n utilizados para las siguientes finalidades:\n<ul>\n \t<li>Proveer los servicios solicitados relacionados con el cl\u00faster Mekanexia.<\/li>\n \t<li>Contactarlo para coordinar actividades relacionadas con nuestros servicios.<\/li>\n \t<li>Gestionar la comunicaci\u00f3n con talleres de maquinados y otras empresas.<\/li>\n \t<li>Informarle sobre eventos, promociones, novedades o cambios en nuestros servicios.<\/li>\n \t<li>Realizar an\u00e1lisis estad\u00edsticos y de mercado para mejorar nuestros servicios.<\/li>\n<\/ul>\n<strong>3. Uso secundario\n<\/strong>\nEn caso de que lo permita, utilizaremos sus datos para:\n<ul>\n \t<li>Env\u00edo de publicidad, promociones y materiales informativos sobre productos y servicios relacionados.<\/li>\n<\/ul>\nSi no desea que utilicemos sus datos para estas finalidades secundarias, por favor env\u00ede un correo a <a rel=\"noopener\">mekanexia@gmail.com<\/a>.\n\n<strong>4. Transferencia de datos personales\n<\/strong>\nMekanexia podr\u00e1 compartir sus datos personales \u00fanicamente con talleres y empresas afiliadas para cumplir con los servicios ofrecidos. Nos aseguraremos de que terceros mantengan la confidencialidad y seguridad de sus datos personales.\nNo realizaremos transferencias de sus datos personales sin su consentimiento, salvo las excepciones previstas por la Ley.\n\n<strong>5. Seguridad de los datos\n<\/strong>\nMekanexia implementa medidas de seguridad administrativas, t\u00e9cnicas y f\u00edsicas para proteger sus datos personales contra da\u00f1o, p\u00e9rdida, alteraci\u00f3n, destrucci\u00f3n o uso no autorizado.\n\n<strong>6. Derechos ARCO (Acceso, Rectificaci\u00f3n, Cancelaci\u00f3n y Oposici\u00f3n)\n<\/strong>\nUsted tiene derecho a:\n<ul>\n \t<li>Acceder a sus datos personales.<\/li>\n \t<li>Rectificar datos incorrectos o incompletos.<\/li>\n \t<li>Solicitar la cancelaci\u00f3n de sus datos cuando considere que no son necesarios para los fines establecidos.<\/li>\n \t<li>Oponerse al tratamiento de sus datos para fines espec\u00edficos.<\/li>\n<\/ul>\nPara ejercer estos derechos, puede enviar una solicitud a [correo electr\u00f3nico de Mekanexia], acompa\u00f1ada de una identificaci\u00f3n oficial.\n\n<strong>7. Cambios al Aviso de Privacidad\n<\/strong>\nMekanexia se reserva el derecho de actualizar este Aviso de Privacidad en cualquier momento. Cualquier modificaci\u00f3n ser\u00e1 publicada en nuestra p\u00e1gina www.mekanexia.com o mediante correo electr\u00f3nico.\n\n<strong>8. Contacto\n<\/strong>\nSi tiene preguntas o desea mayor informaci\u00f3n sobre este Aviso de Privacidad, puede contactarnos en:\n<ul>\n \t<li>Correo electr\u00f3nico: <a rel=\"noopener\">mekanexia@gmail.com<\/a><\/li>\n \t<li>Tel\u00e9fono: 55 50 50 37 37<\/li>\n<\/ul>\n<strong>Fecha de \u00faltima actualizaci\u00f3n:<\/strong> 20 de enero del 2025\t\t\t\t\t\t\t\t<\/div>\n\t\t\t\t<\/div>\n\t\t\t\t\t<\/div>\n\t\t<\/div>\n\t\t\t\t\t<\/div>\n\t\t<\/section>\n\t\t\t\t<\/div>\n\t\t","protected":false},"excerpt":{"rendered":"<p>Aviso de Privacidad Mekanexia, con domicilio en Guanajuato No. 304, Valle Ceyl\u00e1n, Tlalnepantla de Baz, Estado de M\u00e9xico, M\u00e9xico. En cumplimiento con lo dispuesto por la Ley Federal de Protecci\u00f3n de Datos Personales en Posesi\u00f3n de los Particulares (LFPDPPP), hace de su conocimiento el presente Aviso de Privacidad, a fin de garantizar la privacidad y [&hellip;]<\/p>\n","protected":false},"author":1,"featured_media":0,"parent":0,"menu_order":0,"comment_status":"closed","ping_status":"open","template":"","meta":{"_acf_changed":false,"footnotes":""},"class_list":["post-3","page","type-page","status-publish","hentry"],"acf":[],"_links":{"self":[{"href":"https:\/\/emmanuel-erh.com\/dev\/wp-json\/wp\/v2\/pages\/3","targetHints":{"allow":["GET"]}}],"collection":[{"href":"https:\/\/emmanuel-erh.com\/dev\/wp-json\/wp\/v2\/pages"}],"about":[{"href":"https:\/\/emmanuel-erh.com\/dev\/wp-json\/wp\/v2\/types\/page"}],"author":[{"embeddable":true,"href":"https:\/\/emmanuel-erh.com\/dev\/wp-json\/wp\/v2\/users\/1"}],"replies":[{"embeddable":true,"href":"https:\/\/emmanuel-erh.com\/dev\/wp-json\/wp\/v2\/comments?post=3"}],"version-history":[{"count":15,"href":"https:\/\/emmanuel-erh.com\/dev\/wp-json\/wp\/v2\/pages\/3\/revisions"}],"predecessor-version":[{"id":1126,"href":"https:\/\/emmanuel-erh.com\/dev\/wp-json\/wp\/v2\/pages\/3\/revisions\/1126"}],"wp:attachment":[{"href":"https:\/\/emmanuel-erh.com\/dev\/wp-json\/wp\/v2\/media?parent=3"}],"curies":[{"name":"wp","href":"https:\/\/api.w.org\/{rel}","templated":true}]}}